{"id":2456,"date":"2022-05-17T18:39:19","date_gmt":"2022-05-17T18:39:19","guid":{"rendered":"https:\/\/coffetimess.com\/?page_id=2456"},"modified":"2022-05-17T20:33:12","modified_gmt":"2022-05-17T20:33:12","slug":"coban","status":"publish","type":"page","link":"https:\/\/coffetimess.com\/index.php\/coban\/","title":{"rendered":"Coban"},"content":{"rendered":"\t\t<div data-elementor-type=\"wp-page\" data-elementor-id=\"2456\" class=\"elementor elementor-2456\">\n\t\t\t\t\t\t<section class=\"elementor-section elementor-top-section elementor-element elementor-element-72caa18b elementor-section-boxed elementor-section-height-default elementor-section-height-default\" data-id=\"72caa18b\" data-element_type=\"section\" data-settings=\"{&quot;background_background&quot;:&quot;classic&quot;}\">\n\t\t\t\t\t\t\t<div class=\"elementor-background-overlay\"><\/div>\n\t\t\t\t\t\t\t<div class=\"elementor-container elementor-column-gap-no\">\n\t\t\t\t\t<div class=\"elementor-column elementor-col-100 elementor-top-column elementor-element elementor-element-4b77cca2\" data-id=\"4b77cca2\" data-element_type=\"column\">\n\t\t\t<div class=\"elementor-widget-wrap elementor-element-populated\">\n\t\t\t\t\t\t<section class=\"elementor-section elementor-inner-section elementor-element elementor-element-7cc522ef elementor-section-boxed elementor-section-height-default elementor-section-height-default\" data-id=\"7cc522ef\" data-element_type=\"section\">\n\t\t\t\t\t\t<div class=\"elementor-container elementor-column-gap-no\">\n\t\t\t\t\t<div class=\"elementor-column elementor-col-50 elementor-inner-column elementor-element elementor-element-5d870235\" data-id=\"5d870235\" data-element_type=\"column\">\n\t\t\t<div class=\"elementor-widget-wrap elementor-element-populated\">\n\t\t\t\t\t\t<div class=\"elementor-element elementor-element-34fc5cbd elementor-invisible elementor-widget elementor-widget-heading\" data-id=\"34fc5cbd\" data-element_type=\"widget\" data-settings=\"{&quot;_animation&quot;:&quot;fadeInUp&quot;}\" data-widget_type=\"heading.default\">\n\t\t\t\t<div class=\"elementor-widget-container\">\n\t\t\t<h1 class=\"elementor-heading-title elementor-size-default\">Cob\u00e1n<\/h1>\t\t<\/div>\n\t\t\t\t<\/div>\n\t\t\t\t<div class=\"elementor-element elementor-element-79219b63 elementor-invisible elementor-widget elementor-widget-heading\" data-id=\"79219b63\" data-element_type=\"widget\" data-settings=\"{&quot;_animation&quot;:&quot;fadeInUp&quot;}\" data-widget_type=\"heading.default\">\n\t\t\t\t<div class=\"elementor-widget-container\">\n\t\t\t<p class=\"elementor-heading-title elementor-size-default\">Cob\u00e1n is cloudy, rainy, and cool all year long.  Most Rainforest Cob\u00e1n is cultivated on the area\u2019s distinctive rolling hills, under the tropical influences of the Atlantic Basin, in limestone and clay soils. Cob\u00e1n has two seasons: rainy and rainier.  Cob\u00e1n\u2019s celebrated chipichipi frequently engulfs the region in a fine mist that falls from the dense cloud cover.<\/p>\t\t<\/div>\n\t\t\t\t<\/div>\n\t\t\t\t<div class=\"elementor-element elementor-element-e9b3030 elementor-widget elementor-widget-heading\" data-id=\"e9b3030\" data-element_type=\"widget\" data-widget_type=\"heading.default\">\n\t\t\t\t<div class=\"elementor-widget-container\">\n\t\t\t<h3 class=\"elementor-heading-title elementor-size-default\">Distinct fresh fruit notes. Fine, well-balanced body and pleasant aroma.<\/h3>\t\t<\/div>\n\t\t\t\t<\/div>\n\t\t\t\t\t<\/div>\n\t\t<\/div>\n\t\t\t\t<div class=\"elementor-column elementor-col-50 elementor-inner-column elementor-element elementor-element-6392480f\" data-id=\"6392480f\" data-element_type=\"column\">\n\t\t\t<div class=\"elementor-widget-wrap elementor-element-populated\">\n\t\t\t\t\t\t<div class=\"elementor-element elementor-element-37d6cdcc animated-slow elementor-absolute elementor-invisible elementor-widget elementor-widget-image\" data-id=\"37d6cdcc\" data-element_type=\"widget\" data-settings=\"{&quot;_animation&quot;:&quot;rotateIn&quot;,&quot;_animation_delay&quot;:1000,&quot;_position&quot;:&quot;absolute&quot;}\" data-widget_type=\"image.default\">\n\t\t\t\t<div class=\"elementor-widget-container\">\n\t\t\t\t\t\t\t\t\t\t\t\t\t<img fetchpriority=\"high\" decoding=\"async\" width=\"926\" height=\"809\" src=\"https:\/\/coffetimess.com\/wp-content\/uploads\/2022\/05\/circular-2.png\" class=\"attachment-full size-full wp-image-2341\" alt=\"\" srcset=\"https:\/\/coffetimess.com\/wp-content\/uploads\/2022\/05\/circular-2.png 926w, https:\/\/coffetimess.com\/wp-content\/uploads\/2022\/05\/circular-2-300x262.png 300w, https:\/\/coffetimess.com\/wp-content\/uploads\/2022\/05\/circular-2-768x671.png 768w, https:\/\/coffetimess.com\/wp-content\/uploads\/2022\/05\/circular-2-600x524.png 600w\" sizes=\"(max-width: 926px) 100vw, 926px\" \/>\t\t\t\t\t\t\t\t\t\t\t\t\t<\/div>\n\t\t\t\t<\/div>\n\t\t\t\t<div class=\"elementor-element elementor-element-50d69be5 animated-slow elementor-absolute elementor-invisible elementor-widget elementor-widget-image\" data-id=\"50d69be5\" data-element_type=\"widget\" data-settings=\"{&quot;_animation&quot;:&quot;slideInUp&quot;,&quot;_position&quot;:&quot;absolute&quot;}\" data-widget_type=\"image.default\">\n\t\t\t\t<div class=\"elementor-widget-container\">\n\t\t\t\t\t\t\t\t\t\t\t\t\t<img decoding=\"async\" width=\"314\" height=\"313\" src=\"https:\/\/coffetimess.com\/wp-content\/uploads\/2022\/05\/coban-white.png\" class=\"attachment-full size-full wp-image-2458\" alt=\"\" srcset=\"https:\/\/coffetimess.com\/wp-content\/uploads\/2022\/05\/coban-white.png 314w, https:\/\/coffetimess.com\/wp-content\/uploads\/2022\/05\/coban-white-300x300.png 300w, https:\/\/coffetimess.com\/wp-content\/uploads\/2022\/05\/coban-white-150x150.png 150w, https:\/\/coffetimess.com\/wp-content\/uploads\/2022\/05\/coban-white-100x100.png 100w\" sizes=\"(max-width: 314px) 100vw, 314px\" \/>\t\t\t\t\t\t\t\t\t\t\t\t\t<\/div>\n\t\t\t\t<\/div>\n\t\t\t\t\t<\/div>\n\t\t<\/div>\n\t\t\t\t\t<\/div>\n\t\t<\/section>\n\t\t\t\t\t<\/div>\n\t\t<\/div>\n\t\t\t\t\t<\/div>\n\t\t<\/section>\n\t\t\t\t<section class=\"elementor-section elementor-top-section elementor-element elementor-element-a13425b elementor-section-boxed elementor-section-height-default elementor-section-height-default\" data-id=\"a13425b\" data-element_type=\"section\">\n\t\t\t\t\t\t<div class=\"elementor-container elementor-column-gap-default\">\n\t\t\t\t\t<div class=\"elementor-column elementor-col-100 elementor-top-column elementor-element elementor-element-1bb5f72\" data-id=\"1bb5f72\" data-element_type=\"column\">\n\t\t\t<div class=\"elementor-widget-wrap elementor-element-populated\">\n\t\t\t\t\t\t<div class=\"elementor-element elementor-element-bd7c1e0 elementor-widget elementor-widget-heading\" data-id=\"bd7c1e0\" data-element_type=\"widget\" data-widget_type=\"heading.default\">\n\t\t\t\t<div class=\"elementor-widget-container\">\n\t\t\t<h2 class=\"elementor-heading-title elementor-size-default\">Region profile<\/h2>\t\t<\/div>\n\t\t\t\t<\/div>\n\t\t\t\t\t<\/div>\n\t\t<\/div>\n\t\t\t\t\t<\/div>\n\t\t<\/section>\n\t\t\t\t<section class=\"elementor-section elementor-top-section elementor-element elementor-element-3b466f9 elementor-section-boxed elementor-section-height-default elementor-section-height-default\" data-id=\"3b466f9\" data-element_type=\"section\">\n\t\t\t\t\t\t<div class=\"elementor-container elementor-column-gap-default\">\n\t\t\t\t\t<div class=\"elementor-column elementor-col-25 elementor-top-column elementor-element elementor-element-d38ba23\" data-id=\"d38ba23\" data-element_type=\"column\">\n\t\t\t<div class=\"elementor-widget-wrap elementor-element-populated\">\n\t\t\t\t\t\t<div class=\"elementor-element elementor-element-b71a238 elementor-widget elementor-widget-image\" data-id=\"b71a238\" data-element_type=\"widget\" data-widget_type=\"image.default\">\n\t\t\t\t<div class=\"elementor-widget-container\">\n\t\t\t\t\t\t\t\t\t\t\t\t\t<img decoding=\"async\" width=\"200\" height=\"200\" src=\"https:\/\/coffetimess.com\/wp-content\/uploads\/2022\/05\/icons8-temperatura.gif\" class=\"attachment-large size-large wp-image-2354\" alt=\"\" \/>\t\t\t\t\t\t\t\t\t\t\t\t\t<\/div>\n\t\t\t\t<\/div>\n\t\t\t\t<div class=\"elementor-element elementor-element-cb9133c elementor-widget elementor-widget-progress\" data-id=\"cb9133c\" data-element_type=\"widget\" data-widget_type=\"progress.default\">\n\t\t\t\t<div class=\"elementor-widget-container\">\n\t\t\t\n\t\t<div class=\"elementor-progress-wrapper progress-info\" role=\"progressbar\" aria-valuemin=\"0\" aria-valuemax=\"100\" aria-valuenow=\"68\" aria-valuetext=\"68% (59 - 68\u00baF)\">\n\t\t\t<div class=\"elementor-progress-bar\" data-max=\"68\">\n\t\t\t\t<span class=\"elementor-progress-text\">59 - 68\u00baF<\/span>\n\t\t\t\t\t\t\t<\/div>\n\t\t<\/div>\n\t\t\t\t<\/div>\n\t\t\t\t<\/div>\n\t\t\t\t\t<\/div>\n\t\t<\/div>\n\t\t\t\t<div class=\"elementor-column elementor-col-25 elementor-top-column elementor-element elementor-element-0b393fc\" data-id=\"0b393fc\" data-element_type=\"column\">\n\t\t\t<div class=\"elementor-widget-wrap elementor-element-populated\">\n\t\t\t\t\t\t<div class=\"elementor-element elementor-element-db7ea94 elementor-widget elementor-widget-image\" data-id=\"db7ea94\" data-element_type=\"widget\" data-widget_type=\"image.default\">\n\t\t\t\t<div class=\"elementor-widget-container\">\n\t\t\t\t\t\t\t\t\t\t\t\t\t<img loading=\"lazy\" decoding=\"async\" width=\"200\" height=\"200\" src=\"https:\/\/coffetimess.com\/wp-content\/uploads\/2022\/05\/icons8-lluvia.gif\" class=\"attachment-large size-large wp-image-2355\" alt=\"\" \/>\t\t\t\t\t\t\t\t\t\t\t\t\t<\/div>\n\t\t\t\t<\/div>\n\t\t\t\t<div class=\"elementor-element elementor-element-41576cf elementor-widget elementor-widget-progress\" data-id=\"41576cf\" data-element_type=\"widget\" data-widget_type=\"progress.default\">\n\t\t\t\t<div class=\"elementor-widget-container\">\n\t\t\t\n\t\t<div class=\"elementor-progress-wrapper progress-info\" role=\"progressbar\" aria-valuemin=\"0\" aria-valuemax=\"100\" aria-valuenow=\"100\" aria-valuetext=\"100% (120 - 160 in)\">\n\t\t\t<div class=\"elementor-progress-bar\" data-max=\"100\">\n\t\t\t\t<span class=\"elementor-progress-text\">120 - 160 in<\/span>\n\t\t\t\t\t\t\t<\/div>\n\t\t<\/div>\n\t\t\t\t<\/div>\n\t\t\t\t<\/div>\n\t\t\t\t\t<\/div>\n\t\t<\/div>\n\t\t\t\t<div class=\"elementor-column elementor-col-25 elementor-top-column elementor-element elementor-element-d20d5c1\" data-id=\"d20d5c1\" data-element_type=\"column\">\n\t\t\t<div class=\"elementor-widget-wrap elementor-element-populated\">\n\t\t\t\t\t\t<div class=\"elementor-element elementor-element-f2d62d8 elementor-widget elementor-widget-image\" data-id=\"f2d62d8\" data-element_type=\"widget\" data-widget_type=\"image.default\">\n\t\t\t\t<div class=\"elementor-widget-container\">\n\t\t\t\t\t\t\t\t\t\t\t\t\t<img loading=\"lazy\" decoding=\"async\" width=\"96\" height=\"96\" src=\"https:\/\/coffetimess.com\/wp-content\/uploads\/2022\/05\/icons8-higrometro.gif\" class=\"attachment-large size-large wp-image-2356\" alt=\"\" \/>\t\t\t\t\t\t\t\t\t\t\t\t\t<\/div>\n\t\t\t\t<\/div>\n\t\t\t\t<div class=\"elementor-element elementor-element-b6bee3c elementor-widget elementor-widget-progress\" data-id=\"b6bee3c\" data-element_type=\"widget\" data-widget_type=\"progress.default\">\n\t\t\t\t<div class=\"elementor-widget-container\">\n\t\t\t\n\t\t<div class=\"elementor-progress-wrapper progress-info\" role=\"progressbar\" aria-valuemin=\"0\" aria-valuemax=\"100\" aria-valuenow=\"95\" aria-valuetext=\"95% (85 - 95%)\">\n\t\t\t<div class=\"elementor-progress-bar\" data-max=\"95\">\n\t\t\t\t<span class=\"elementor-progress-text\">85 - 95%<\/span>\n\t\t\t\t\t\t\t<\/div>\n\t\t<\/div>\n\t\t\t\t<\/div>\n\t\t\t\t<\/div>\n\t\t\t\t\t<\/div>\n\t\t<\/div>\n\t\t\t\t<div class=\"elementor-column elementor-col-25 elementor-top-column elementor-element elementor-element-e202d07\" data-id=\"e202d07\" data-element_type=\"column\">\n\t\t\t<div class=\"elementor-widget-wrap elementor-element-populated\">\n\t\t\t\t\t\t<div class=\"elementor-element elementor-element-b840cde elementor-widget elementor-widget-image\" data-id=\"b840cde\" data-element_type=\"widget\" data-widget_type=\"image.default\">\n\t\t\t\t<div class=\"elementor-widget-container\">\n\t\t\t\t\t\t\t\t\t\t\t\t\t<img loading=\"lazy\" decoding=\"async\" width=\"50\" height=\"50\" src=\"https:\/\/coffetimess.com\/wp-content\/uploads\/2022\/05\/icons8-altura-50.png\" class=\"attachment-large size-large wp-image-2357\" alt=\"\" \/>\t\t\t\t\t\t\t\t\t\t\t\t\t<\/div>\n\t\t\t\t<\/div>\n\t\t\t\t<div class=\"elementor-element elementor-element-2ceee95 elementor-widget elementor-widget-progress\" data-id=\"2ceee95\" data-element_type=\"widget\" data-widget_type=\"progress.default\">\n\t\t\t\t<div class=\"elementor-widget-container\">\n\t\t\t\n\t\t<div class=\"elementor-progress-wrapper progress-info\" role=\"progressbar\" aria-valuemin=\"0\" aria-valuemax=\"100\" aria-valuenow=\"100\" aria-valuetext=\"100% (4300 - 5600 ft)\">\n\t\t\t<div class=\"elementor-progress-bar\" data-max=\"100\">\n\t\t\t\t<span class=\"elementor-progress-text\">4300 - 5600 ft<\/span>\n\t\t\t\t\t\t\t<\/div>\n\t\t<\/div>\n\t\t\t\t<\/div>\n\t\t\t\t<\/div>\n\t\t\t\t\t<\/div>\n\t\t<\/div>\n\t\t\t\t\t<\/div>\n\t\t<\/section>\n\t\t\t\t<section class=\"elementor-section elementor-top-section elementor-element elementor-element-3096828 elementor-section-boxed elementor-section-height-default elementor-section-height-default\" data-id=\"3096828\" data-element_type=\"section\">\n\t\t\t\t\t\t<div class=\"elementor-container elementor-column-gap-default\">\n\t\t\t\t\t<div class=\"elementor-column elementor-col-100 elementor-top-column elementor-element elementor-element-fb218c7\" data-id=\"fb218c7\" data-element_type=\"column\">\n\t\t\t<div class=\"elementor-widget-wrap elementor-element-populated\">\n\t\t\t\t\t\t<div class=\"elementor-element elementor-element-74a003b elementor-widget elementor-widget-heading\" data-id=\"74a003b\" data-element_type=\"widget\" data-widget_type=\"heading.default\">\n\t\t\t\t<div class=\"elementor-widget-container\">\n\t\t\t<h3 class=\"elementor-heading-title elementor-size-default\">SCA Protocol<\/h3>\t\t<\/div>\n\t\t\t\t<\/div>\n\t\t\t\t<div class=\"elementor-element elementor-element-c85b4c4 elementor-widget elementor-widget-image\" data-id=\"c85b4c4\" data-element_type=\"widget\" data-widget_type=\"image.default\">\n\t\t\t\t<div class=\"elementor-widget-container\">\n\t\t\t\t\t\t\t\t\t\t\t\t\t<img loading=\"lazy\" decoding=\"async\" width=\"1782\" height=\"1232\" src=\"https:\/\/coffetimess.com\/wp-content\/uploads\/2022\/05\/coban-spider-02.png\" class=\"attachment-full size-full wp-image-2459\" alt=\"\" srcset=\"https:\/\/coffetimess.com\/wp-content\/uploads\/2022\/05\/coban-spider-02.png 1782w, https:\/\/coffetimess.com\/wp-content\/uploads\/2022\/05\/coban-spider-02-300x207.png 300w, https:\/\/coffetimess.com\/wp-content\/uploads\/2022\/05\/coban-spider-02-1024x708.png 1024w, https:\/\/coffetimess.com\/wp-content\/uploads\/2022\/05\/coban-spider-02-768x531.png 768w, https:\/\/coffetimess.com\/wp-content\/uploads\/2022\/05\/coban-spider-02-1536x1062.png 1536w, https:\/\/coffetimess.com\/wp-content\/uploads\/2022\/05\/coban-spider-02-1320x913.png 1320w, https:\/\/coffetimess.com\/wp-content\/uploads\/2022\/05\/coban-spider-02-600x415.png 600w\" sizes=\"(max-width: 1782px) 100vw, 1782px\" \/>\t\t\t\t\t\t\t\t\t\t\t\t\t<\/div>\n\t\t\t\t<\/div>\n\t\t\t\t\t<\/div>\n\t\t<\/div>\n\t\t\t\t\t<\/div>\n\t\t<\/section>\n\t\t\t\t<\/div>\n\t\t","protected":false},"excerpt":{"rendered":"<p>Cob\u00e1n Cob\u00e1n is cloudy, rainy, and cool all year long. Most Rainforest Cob\u00e1n is cultivated on the area\u2019s distinctive rolling hills, under the tropical influences of the Atlantic Basin, in limestone and clay soils. Cob\u00e1n has two seasons: rainy and rainier. Cob\u00e1n\u2019s celebrated chipichipi frequently engulfs the region in a fine mist that falls from [&hellip;]<\/p>\n","protected":false},"author":1,"featured_media":0,"parent":0,"menu_order":0,"comment_status":"closed","ping_status":"closed","template":"","meta":{"_eb_attr":"","om_disable_all_campaigns":false,"_monsterinsights_skip_tracking":false,"_monsterinsights_sitenote_active":false,"_monsterinsights_sitenote_note":"","_monsterinsights_sitenote_category":0,"site-sidebar-layout":"no-sidebar","site-content-layout":"page-builder","ast-site-content-layout":"","site-content-style":"default","site-sidebar-style":"default","ast-global-header-display":"","ast-banner-title-visibility":"","ast-main-header-display":"","ast-hfb-above-header-display":"","ast-hfb-below-header-display":"","ast-hfb-mobile-header-display":"","site-post-title":"disabled","ast-breadcrumbs-content":"","ast-featured-img":"disabled","footer-sml-layout":"","theme-transparent-header-meta":"","adv-header-id-meta":"","stick-header-meta":"","header-above-stick-meta":"","header-main-stick-meta":"","header-below-stick-meta":"","astra-migrate-meta-layouts":"default","ast-page-background-enabled":"default","ast-page-background-meta":{"desktop":{"background-color":"var(--ast-global-color-4)","background-image":"","background-repeat":"repeat","background-position":"center center","background-size":"auto","background-attachment":"scroll","background-type":"","background-media":"","overlay-type":"","overlay-color":"","overlay-opacity":"","overlay-gradient":""},"tablet":{"background-color":"","background-image":"","background-repeat":"repeat","background-position":"center center","background-size":"auto","background-attachment":"scroll","background-type":"","background-media":"","overlay-type":"","overlay-color":"","overlay-opacity":"","overlay-gradient":""},"mobile":{"background-color":"","background-image":"","background-repeat":"repeat","background-position":"center center","background-size":"auto","background-attachment":"scroll","background-type":"","background-media":"","overlay-type":"","overlay-color":"","overlay-opacity":"","overlay-gradient":""}},"ast-content-background-meta":{"desktop":{"background-color":"var(--ast-global-color-5)","background-image":"","background-repeat":"repeat","background-position":"center center","background-size":"auto","background-attachment":"scroll","background-type":"","background-media":"","overlay-type":"","overlay-color":"","overlay-opacity":"","overlay-gradient":""},"tablet":{"background-color":"var(--ast-global-color-5)","background-image":"","background-repeat":"repeat","background-position":"center center","background-size":"auto","background-attachment":"scroll","background-type":"","background-media":"","overlay-type":"","overlay-color":"","overlay-opacity":"","overlay-gradient":""},"mobile":{"background-color":"var(--ast-global-color-5)","background-image":"","background-repeat":"repeat","background-position":"center center","background-size":"auto","background-attachment":"scroll","background-type":"","background-media":"","overlay-type":"","overlay-color":"","overlay-opacity":"","overlay-gradient":""}},"footnotes":""},"class_list":["post-2456","page","type-page","status-publish","hentry"],"yoast_head":"<!-- This site is optimized with the Yoast SEO plugin v20.4 - https:\/\/yoast.com\/wordpress\/plugins\/seo\/ -->\n<title>Coban -<\/title>\n<meta name=\"robots\" content=\"index, follow, max-snippet:-1, max-image-preview:large, max-video-preview:-1\" \/>\n<link rel=\"canonical\" href=\"https:\/\/coffetimess.com\/index.php\/coban\/\" \/>\n<meta property=\"og:locale\" content=\"en_US\" \/>\n<meta property=\"og:type\" content=\"article\" \/>\n<meta property=\"og:title\" content=\"Coban -\" \/>\n<meta property=\"og:description\" content=\"Cob\u00e1n Cob\u00e1n is cloudy, rainy, and cool all year long. Most Rainforest Cob\u00e1n is cultivated on the area\u2019s distinctive rolling hills, under the tropical influences of the Atlantic Basin, in limestone and clay soils. Cob\u00e1n has two seasons: rainy and rainier. Cob\u00e1n\u2019s celebrated chipichipi frequently engulfs the region in a fine mist that falls from [&hellip;]\" \/>\n<meta property=\"og:url\" content=\"https:\/\/coffetimess.com\/index.php\/coban\/\" \/>\n<meta property=\"article:publisher\" content=\"https:\/\/www.facebook.com\/coffetimesllc\" \/>\n<meta property=\"article:modified_time\" content=\"2022-05-17T20:33:12+00:00\" \/>\n<meta property=\"og:image\" content=\"https:\/\/coffetimess.com\/wp-content\/uploads\/2022\/05\/circular-2.png\" \/>\n<meta name=\"twitter:card\" content=\"summary_large_image\" \/>\n<meta name=\"twitter:site\" content=\"@LlcCoffe\" \/>\n<script type=\"application\/ld+json\" class=\"yoast-schema-graph\">{\"@context\":\"https:\/\/schema.org\",\"@graph\":[{\"@type\":\"WebPage\",\"@id\":\"https:\/\/coffetimess.com\/index.php\/coban\/\",\"url\":\"https:\/\/coffetimess.com\/index.php\/coban\/\",\"name\":\"Coban -\",\"isPartOf\":{\"@id\":\"https:\/\/coffetimess.com\/#website\"},\"datePublished\":\"2022-05-17T18:39:19+00:00\",\"dateModified\":\"2022-05-17T20:33:12+00:00\",\"breadcrumb\":{\"@id\":\"https:\/\/coffetimess.com\/index.php\/coban\/#breadcrumb\"},\"inLanguage\":\"en-US\",\"potentialAction\":[{\"@type\":\"ReadAction\",\"target\":[\"https:\/\/coffetimess.com\/index.php\/coban\/\"]}]},{\"@type\":\"BreadcrumbList\",\"@id\":\"https:\/\/coffetimess.com\/index.php\/coban\/#breadcrumb\",\"itemListElement\":[{\"@type\":\"ListItem\",\"position\":1,\"name\":\"Portada\",\"item\":\"https:\/\/coffetimess.com\/\"},{\"@type\":\"ListItem\",\"position\":2,\"name\":\"Coban\"}]},{\"@type\":\"WebSite\",\"@id\":\"https:\/\/coffetimess.com\/#website\",\"url\":\"https:\/\/coffetimess.com\/\",\"name\":\"Coffe Times\",\"description\":\"From the Mountains of Guatemala\",\"publisher\":{\"@id\":\"https:\/\/coffetimess.com\/#organization\"},\"potentialAction\":[{\"@type\":\"SearchAction\",\"target\":{\"@type\":\"EntryPoint\",\"urlTemplate\":\"https:\/\/coffetimess.com\/?s={search_term_string}\"},\"query-input\":\"required name=search_term_string\"}],\"inLanguage\":\"en-US\"},{\"@type\":\"Organization\",\"@id\":\"https:\/\/coffetimess.com\/#organization\",\"name\":\"Coffe Times LLC\",\"url\":\"https:\/\/coffetimess.com\/\",\"logo\":{\"@type\":\"ImageObject\",\"inLanguage\":\"en-US\",\"@id\":\"https:\/\/coffetimess.com\/#\/schema\/logo\/image\/\",\"url\":\"https:\/\/coffetimess.com\/wp-content\/uploads\/2024\/10\/LOGO-COFFE-TIMES-copia.svg\",\"contentUrl\":\"https:\/\/coffetimess.com\/wp-content\/uploads\/2024\/10\/LOGO-COFFE-TIMES-copia.svg\",\"width\":612,\"height\":237,\"caption\":\"Coffe Times LLC\"},\"image\":{\"@id\":\"https:\/\/coffetimess.com\/#\/schema\/logo\/image\/\"},\"sameAs\":[\"https:\/\/www.facebook.com\/coffetimesllc\",\"https:\/\/twitter.com\/LlcCoffe\",\"https:\/\/www.linkedin.com\/in\/coffe-times-llc\/\",\"https:\/\/www.instagram.com\/coffetimess_\/\"]}]}<\/script>\n<!-- \/ Yoast SEO plugin. -->","yoast_head_json":{"title":"Coban -","robots":{"index":"index","follow":"follow","max-snippet":"max-snippet:-1","max-image-preview":"max-image-preview:large","max-video-preview":"max-video-preview:-1"},"canonical":"https:\/\/coffetimess.com\/index.php\/coban\/","og_locale":"en_US","og_type":"article","og_title":"Coban -","og_description":"Cob\u00e1n Cob\u00e1n is cloudy, rainy, and cool all year long. Most Rainforest Cob\u00e1n is cultivated on the area\u2019s distinctive rolling hills, under the tropical influences of the Atlantic Basin, in limestone and clay soils. Cob\u00e1n has two seasons: rainy and rainier. Cob\u00e1n\u2019s celebrated chipichipi frequently engulfs the region in a fine mist that falls from [&hellip;]","og_url":"https:\/\/coffetimess.com\/index.php\/coban\/","article_publisher":"https:\/\/www.facebook.com\/coffetimesllc","article_modified_time":"2022-05-17T20:33:12+00:00","og_image":[{"url":"https:\/\/coffetimess.com\/wp-content\/uploads\/2022\/05\/circular-2.png"}],"twitter_card":"summary_large_image","twitter_site":"@LlcCoffe","schema":{"@context":"https:\/\/schema.org","@graph":[{"@type":"WebPage","@id":"https:\/\/coffetimess.com\/index.php\/coban\/","url":"https:\/\/coffetimess.com\/index.php\/coban\/","name":"Coban -","isPartOf":{"@id":"https:\/\/coffetimess.com\/#website"},"datePublished":"2022-05-17T18:39:19+00:00","dateModified":"2022-05-17T20:33:12+00:00","breadcrumb":{"@id":"https:\/\/coffetimess.com\/index.php\/coban\/#breadcrumb"},"inLanguage":"en-US","potentialAction":[{"@type":"ReadAction","target":["https:\/\/coffetimess.com\/index.php\/coban\/"]}]},{"@type":"BreadcrumbList","@id":"https:\/\/coffetimess.com\/index.php\/coban\/#breadcrumb","itemListElement":[{"@type":"ListItem","position":1,"name":"Portada","item":"https:\/\/coffetimess.com\/"},{"@type":"ListItem","position":2,"name":"Coban"}]},{"@type":"WebSite","@id":"https:\/\/coffetimess.com\/#website","url":"https:\/\/coffetimess.com\/","name":"Coffe Times","description":"From the Mountains of Guatemala","publisher":{"@id":"https:\/\/coffetimess.com\/#organization"},"potentialAction":[{"@type":"SearchAction","target":{"@type":"EntryPoint","urlTemplate":"https:\/\/coffetimess.com\/?s={search_term_string}"},"query-input":"required name=search_term_string"}],"inLanguage":"en-US"},{"@type":"Organization","@id":"https:\/\/coffetimess.com\/#organization","name":"Coffe Times LLC","url":"https:\/\/coffetimess.com\/","logo":{"@type":"ImageObject","inLanguage":"en-US","@id":"https:\/\/coffetimess.com\/#\/schema\/logo\/image\/","url":"https:\/\/coffetimess.com\/wp-content\/uploads\/2024\/10\/LOGO-COFFE-TIMES-copia.svg","contentUrl":"https:\/\/coffetimess.com\/wp-content\/uploads\/2024\/10\/LOGO-COFFE-TIMES-copia.svg","width":612,"height":237,"caption":"Coffe Times LLC"},"image":{"@id":"https:\/\/coffetimess.com\/#\/schema\/logo\/image\/"},"sameAs":["https:\/\/www.facebook.com\/coffetimesllc","https:\/\/twitter.com\/LlcCoffe","https:\/\/www.linkedin.com\/in\/coffe-times-llc\/","https:\/\/www.instagram.com\/coffetimess_\/"]}]}},"jetpack_sharing_enabled":true,"_links":{"self":[{"href":"https:\/\/coffetimess.com\/index.php\/wp-json\/wp\/v2\/pages\/2456","targetHints":{"allow":["GET"]}}],"collection":[{"href":"https:\/\/coffetimess.com\/index.php\/wp-json\/wp\/v2\/pages"}],"about":[{"href":"https:\/\/coffetimess.com\/index.php\/wp-json\/wp\/v2\/types\/page"}],"author":[{"embeddable":true,"href":"https:\/\/coffetimess.com\/index.php\/wp-json\/wp\/v2\/users\/1"}],"replies":[{"embeddable":true,"href":"https:\/\/coffetimess.com\/index.php\/wp-json\/wp\/v2\/comments?post=2456"}],"version-history":[{"count":17,"href":"https:\/\/coffetimess.com\/index.php\/wp-json\/wp\/v2\/pages\/2456\/revisions"}],"predecessor-version":[{"id":4056,"href":"https:\/\/coffetimess.com\/index.php\/wp-json\/wp\/v2\/pages\/2456\/revisions\/4056"}],"wp:attachment":[{"href":"https:\/\/coffetimess.com\/index.php\/wp-json\/wp\/v2\/media?parent=2456"}],"curies":[{"name":"wp","href":"https:\/\/api.w.org\/{rel}","templated":true}]}}